{"id":12214,"date":"2022-05-09T05:40:07","date_gmt":"2022-05-09T10:40:07","guid":{"rendered":"https:\/\/espigatel.co\/tienda\/?post_type=product&#038;p=12214"},"modified":"2025-10-22T16:54:25","modified_gmt":"2025-10-22T21:54:25","slug":"portatil-lenovo-v15-igl-intel-celeron-n4020-156-hd-8gb-256-ssd-linux","status":"publish","type":"product","link":"https:\/\/espigatel.co\/tienda\/producto\/portatil-lenovo-v15-igl-intel-celeron-n4020-156-hd-8gb-256-ssd-linux\/","title":{"rendered":"Port\u00e1til Lenovo V15-IGL Intel Celeron N4020 15,6 HD 8GB 256 SSD Linux"},"content":{"rendered":"<p>El V15 de 15.6\u201d como su administrador de oficina, ejecutando sus tareas diarias con eficiencia. Mantendr\u00e1 su negocio productivo y sus datos seguros, mientras que su dise\u00f1o m\u00e1s delgado y peque\u00f1o y sus biseles laterales m\u00e1s estrechos le dar\u00e1n un aspecto limpio y profesional a su escritorio, o donde quiera que elija usarlo. Mantiene su trabajo fluido y sus datos seguros: Las opciones de almacenamiento dual de la computadora port\u00e1til V15 y los gr\u00e1ficos dedicados de Nvidia opcionales ayudan a la productividad, mientras que su firmware integrado, el m\u00f3dulo de plataforma confiable (Tpm) 2.0, mantiene el trabajo resultante seguro al cifrar los datos y las contrase\u00f1as.<\/p>\n","protected":false},"excerpt":{"rendered":"<ul class=\"font-size-14 pl-3 ml-1 text-gray-110\">\n<li>CONDICI\u00d3N: NUEVO<\/li>\n<li>COLOR: GRIS<\/li>\n<li>MARCA: LENOVO<\/li>\n<\/ul>\n","protected":false},"featured_media":12217,"comment_status":"open","ping_status":"closed","template":"","meta":{"spay_email":""},"product_cat":[107],"product_tag":[],"class_list":["post-12214","product","type-product","status-publish","has-post-thumbnail","hentry","product_cat-portatil"],"_links":{"self":[{"href":"https:\/\/espigatel.co\/tienda\/wp-json\/wp\/v2\/product\/12214","targetHints":{"allow":["GET"]}}],"collection":[{"href":"https:\/\/espigatel.co\/tienda\/wp-json\/wp\/v2\/product"}],"about":[{"href":"https:\/\/espigatel.co\/tienda\/wp-json\/wp\/v2\/types\/product"}],"replies":[{"embeddable":true,"href":"https:\/\/espigatel.co\/tienda\/wp-json\/wp\/v2\/comments?post=12214"}],"version-history":[{"count":1,"href":"https:\/\/espigatel.co\/tienda\/wp-json\/wp\/v2\/product\/12214\/revisions"}],"predecessor-version":[{"id":12219,"href":"https:\/\/espigatel.co\/tienda\/wp-json\/wp\/v2\/product\/12214\/revisions\/12219"}],"wp:featuredmedia":[{"embeddable":true,"href":"https:\/\/espigatel.co\/tienda\/wp-json\/wp\/v2\/media\/12217"}],"wp:attachment":[{"href":"https:\/\/espigatel.co\/tienda\/wp-json\/wp\/v2\/media?parent=12214"}],"wp:term":[{"taxonomy":"product_cat","embeddable":true,"href":"https:\/\/espigatel.co\/tienda\/wp-json\/wp\/v2\/product_cat?post=12214"},{"taxonomy":"product_tag","embeddable":true,"href":"https:\/\/espigatel.co\/tienda\/wp-json\/wp\/v2\/product_tag?post=12214"}],"curies":[{"name":"wp","href":"https:\/\/api.w.org\/{rel}","templated":true}]}}