{"id":12232,"date":"2022-05-09T06:42:24","date_gmt":"2022-05-09T11:42:24","guid":{"rendered":"https:\/\/espigatel.co\/tienda\/?post_type=product&#038;p=12232"},"modified":"2022-06-16T20:07:49","modified_gmt":"2022-06-17T01:07:49","slug":"oraimo-w2-osw-20-smart-watch-1-28-touch-screen-ip67-waterproof-24-sports-modes-heart-rate-monitor-fitness-smartwatch-men-women","status":"publish","type":"product","link":"https:\/\/espigatel.co\/tienda\/producto\/oraimo-w2-osw-20-smart-watch-1-28-touch-screen-ip67-waterproof-24-sports-modes-heart-rate-monitor-fitness-smartwatch-men-women\/","title":{"rendered":"Oraimo W2 OSW-20 Smart Watch 1.28&#8221; Touch Screen IP67  Impermeable 24 modos deportivos Monitor de ritmo card\u00edaco Fitness Smartwatch Hombres Mujeres"},"content":{"rendered":"<pre id=\"tw-target-text\" class=\"tw-data-text tw-text-large tw-ta\" dir=\"ltr\" data-placeholder=\"Traducci\u00f3n\"><span class=\"Y2IQFc\" lang=\"es\">Resistente al agua: resistencia al agua diaria (no para ducharse y nadar, no lo pongas en agua caliente).\r\nPantalla t\u00e1ctil grande y completa\r\nLa gran pantalla de 1,28'' te permite un acceso completo para controlar el reloj sin problemas con la punta de tu dedo.\r\nNotificaciones en tiempo real\r\nMant\u00e9ngase conectado con lo que m\u00e1s le importa con mensajes de texto, llamadas, alertas de aplicaciones simplemente levantando la mu\u00f1eca.\r\nSeguimiento de actividad y sue\u00f1o\r\nControla tu frecuencia card\u00edaca, pasos, distancia, calor\u00edas, minutos y tiempo de actividad, y la calidad del sue\u00f1o para ayudarte a comprender tu salud f\u00edsica en general.\r\nMejora tus entrenamientos\r\nRegistre datos de entrenamiento precisos en 24 modos de entrenamiento diferentes y un cron\u00f3metro para medir el tiempo.\r\nDise\u00f1o de primera calidad\r\nLa pantalla t\u00e1ctil en color de alta definici\u00f3n, la caja de aleaci\u00f3n de zinc y una correa agradable para la piel hacen que el reloj sea a\u00fan m\u00e1s extraordinario.\r\nIP67 a prueba de agua\r\nCon IP67 a prueba de agua, ahora puedes lavarte las manos, correr bajo la lluvia y recuperarte en la ducha fr\u00eda con este dispositivo en tu mu\u00f1eca.\r\nTecnolog\u00eda avanzada de ahorro de energ\u00eda\r\nLa avanzada tecnolog\u00eda de ahorro de energ\u00eda de Oraimo le permite ver m\u00e1s con menos energ\u00eda y disfrutar de una duraci\u00f3n de la bater\u00eda de hasta 3 semanas.\r\n\r\nEspecificaciones:\r\n\r\nModelo: Tempo W2 OSW-20\r\nTama\u00f1o de pantalla: 1,28\" G+F TFT Resoluci\u00f3n 240*240\r\nVersi\u00f3n de BT: V4.2\r\nCapacidad de la bater\u00eda: 180 mAh\r\nTipo de bater\u00eda: bater\u00eda de pol\u00edmero de litio\r\nTiempo de espera: hasta 20 d\u00edas\r\nTama\u00f1o del reloj: 42*42*13mm\r\nTama\u00f1o de la correa: 215 mm\r\nMaterial: Aleaci\u00f3n de zinc\/PC\/TPU\r\nImpermeable: IP67\r\nAPLICACI\u00d3N: Joywear2<\/span><\/pre>\n","protected":false},"excerpt":{"rendered":"<p>Resistente al agua: resistencia al agua diaria (no para ducharse y nadar, no lo pongas en agua caliente). Pantalla t\u00e1ctil&hellip;<\/p>\n","protected":false},"featured_media":12226,"comment_status":"open","ping_status":"closed","template":"","meta":{"spay_email":""},"product_cat":[54],"product_tag":[],"class_list":["post-12232","product","type-product","status-publish","has-post-thumbnail","hentry","product_cat-accessories"],"_links":{"self":[{"href":"https:\/\/espigatel.co\/tienda\/wp-json\/wp\/v2\/product\/12232","targetHints":{"allow":["GET"]}}],"collection":[{"href":"https:\/\/espigatel.co\/tienda\/wp-json\/wp\/v2\/product"}],"about":[{"href":"https:\/\/espigatel.co\/tienda\/wp-json\/wp\/v2\/types\/product"}],"replies":[{"embeddable":true,"href":"https:\/\/espigatel.co\/tienda\/wp-json\/wp\/v2\/comments?post=12232"}],"version-history":[{"count":2,"href":"https:\/\/espigatel.co\/tienda\/wp-json\/wp\/v2\/product\/12232\/revisions"}],"predecessor-version":[{"id":12235,"href":"https:\/\/espigatel.co\/tienda\/wp-json\/wp\/v2\/product\/12232\/revisions\/12235"}],"wp:featuredmedia":[{"embeddable":true,"href":"https:\/\/espigatel.co\/tienda\/wp-json\/wp\/v2\/media\/12226"}],"wp:attachment":[{"href":"https:\/\/espigatel.co\/tienda\/wp-json\/wp\/v2\/media?parent=12232"}],"wp:term":[{"taxonomy":"product_cat","embeddable":true,"href":"https:\/\/espigatel.co\/tienda\/wp-json\/wp\/v2\/product_cat?post=12232"},{"taxonomy":"product_tag","embeddable":true,"href":"https:\/\/espigatel.co\/tienda\/wp-json\/wp\/v2\/product_tag?post=12232"}],"curies":[{"name":"wp","href":"https:\/\/api.w.org\/{rel}","templated":true}]}}