{"id":12242,"date":"2022-05-09T07:00:57","date_gmt":"2022-05-09T12:00:57","guid":{"rendered":"https:\/\/espigatel.co\/tienda\/?post_type=product&#038;p=12242"},"modified":"2022-06-16T20:07:49","modified_gmt":"2022-06-17T01:07:49","slug":"zigbee-smart-light-bulb-tuya-wifi-bulb-rgb-12w-15w-cambio-de-color-led-luz-e27-b22-110v-220v-app-compatible-alexa-google-home","status":"publish","type":"product","link":"https:\/\/espigatel.co\/tienda\/producto\/zigbee-smart-light-bulb-tuya-wifi-bulb-rgb-12w-15w-cambio-de-color-led-luz-e27-b22-110v-220v-app-compatible-alexa-google-home\/","title":{"rendered":"Zigbee Smart Light Bulb \/ Tuya Wifi Bulb RGB 12W 15W Cambio de color LED Luz E27 B22 110V 220V APP Compatible Alexa Google Home"},"content":{"rendered":"<pre id=\"tw-target-text\" class=\"tw-data-text tw-text-large tw-ta\" dir=\"ltr\" data-placeholder=\"Traducci\u00f3n\"><span class=\"Y2IQFc\" lang=\"es\">Especificaci\u00f3n\r\nTipo: bombilla LED inteligente Zigbee o WiFi Tuya\r\nMaterial: Aluminio de aviaci\u00f3n, pl\u00e1stico\r\nColor del art\u00edculo: blanco\r\nFunci\u00f3n: control de voz, control remoto de aplicaciones, regulable, compatible con Amazon Alexa Echo Google Home Assistant, IFTTT\r\nColor de la luz: RGB + blanco c\u00e1lido + blanco (2800K-6500K)\r\nTipo de enchufe: E27 \/ B22\r\nPotencia: 12W \/ 15W\r\nVoltaje: CA 90-250V\r\nMicroprocesador: LED SMD 2835\r\nIRC: &gt;85\r\nL\u00famenes: 100 LM\/W\r\nVida: &gt;50000h\r\n\u00c1ngulo de haz: 270 grados\r\nPeso neto: 68 g\/2,4 oz\r\nDescarga de la aplicaci\u00f3n: vida inteligente\r\nRed: WiFi de 2,4 GHz\r\nCompatible con control de voz: la bombilla inteligente funciona con Alexa Echo, Google Home Assistant, puede controlar la bombilla inteligente a trav\u00e9s de su voz y solo necesita dar un comando de voz para encender\/apagar o atenuar\/iluminar su luz (por ejemplo, 'Alexa , configura el dormitorio en Azul')\r\nControl remoto de la aplicaci\u00f3n: encender\/apagar Siri, Alexa, Google Home habilit\u00f3 la bombilla inteligente ya sea que est\u00e9 en casa o fuera. Solo necesita descargar una aplicaci\u00f3n de \"vida inteligente\". Puede crear un grupo para todos sus bombilla inteligente y contr\u00f3lelas todas con un solo comando.\r\nBombilla inteligente RGBCW y multicolor: la bombilla inteligente RGB blanca fr\u00eda y blanca c\u00e1lida Crea tus efectos de luz favoritos con 16 millones de colores y el brillo de cada color es regulable\r\nAmplia aplicaci\u00f3n y sistema de escena: puedes configurar diferentes modos de luz en la vida inteligente para que coincida con varias ocasiones, incluyendo cocina, sala de estar, dormitorio. La bombilla inteligente peteme tambi\u00e9n se puede utilizar para l\u00e1mpara de mesa, cafeter\u00eda, bar, fiesta, etc. y tiene estas funciones. Paleta de colores, Control de grupo, Luz solar, Temporizador, Salida del sol, Puesta de sol, Regulable, Funci\u00f3n de micr\u00f3fono, Modo de bricolaje, Modo de escena, Ahorro de energ\u00eda...\r\nAhorro de energ\u00eda y vida \u00fatil: bombilla inteligente de 15 W 1500 lm con base E26\/E27, equivalente a bombillas incandescentes tradicionales de 100 W. Ahorra hasta un 80% de energ\u00eda, dura m\u00e1s y ahorra energ\u00eda.\r\nNota\r\nSi compra bombillas Zigbee, aseg\u00farese de tener una puerta de enlace Zigbee.\r\n\u00bfC\u00f3mo conectarse con la aplicaci\u00f3n de vida inteligente?\r\n1. Descargue la aplicaci\u00f3n Smart Life, registre una cuenta e inicie sesi\u00f3n\r\n2.Haga clic en \"+\" en la esquina superior derecha - Agregar manualmente - Iluminaci\u00f3n-Iluminaci\u00f3n (Wi-Fi).\r\n3. Encienda el interruptor 3 veces: encendido-apagado-encendido-apagado hasta que parpadee r\u00e1pidamente\r\n4.Haga clic en \"confirmar que la luz parpadea r\u00e1pidamente\" y luego ingrese la contrase\u00f1a WiFi correcta (WiFi de 2,4 Ghz)\r\n5. Dentro de 30 segundos, se conectar\u00e1<\/span><\/pre>\n","protected":false},"excerpt":{"rendered":"<p>Especificaci\u00f3n Tipo: bombilla LED inteligente Zigbee o WiFi Tuya Material: Aluminio de aviaci\u00f3n, pl\u00e1stico Color del art\u00edculo: blanco Funci\u00f3n: control de voz, control remoto de aplicaciones, regulable, compatible con Amazon Alexa Echo Google Home Assistant, IFTTT Color de la luz: RGB + blanco c\u00e1lido + blanco (2800K-6500K) Tipo de enchufe: E27 \/ B22 Potencia: 12W \/ 15W Voltaje: CA 90-250V Microprocesador: LED SMD 2835 IRC: &gt;85 L\u00famenes: 100 LM\/W Vida: &gt;50000h \u00c1ngulo de haz: 270 grados Peso neto: 68 g\/2,4 oz Descarga de la aplicaci\u00f3n: vida inteligente Red: WiFi de 2,4 GHz Compatible con control de voz: la bombilla inteligente funciona con Alexa Echo, Google Home Assistant, puede controlar la bombilla inteligente a trav\u00e9s de su voz y solo necesita dar un comando de voz para encender\/apagar o atenuar\/iluminar su luz (por ejemplo, &#8216;Alexa , configura el dormitorio en Azul&#8217;) Control remoto de la aplicaci\u00f3n: encender\/apagar Siri, Alexa, Google Home habilit\u00f3 la bombilla inteligente ya sea que est\u00e9 en casa o fuera. Solo necesita descargar una aplicaci\u00f3n de &#8220;vida inteligente&#8221;. Puede crear un grupo para todos sus bombilla inteligente y contr\u00f3lelas todas con un solo comando. Bombilla inteligente RGBCW y multicolor: la bombilla inteligente RGB blanca fr\u00eda y blanca c\u00e1lida Crea tus efectos de luz favoritos con 16 millones de colores y el brillo de cada color es regulable Amplia aplicaci\u00f3n y sistema de escena: puedes configurar diferentes modos de luz en la vida inteligente para que coincida con varias ocasiones, incluyendo cocina, sala de estar, dormitorio. La bombilla inteligente peteme tambi\u00e9n se puede utilizar para l\u00e1mpara de mesa, cafeter\u00eda, bar, fiesta, etc. y tiene estas funciones. Paleta de colores, Control de grupo, Luz solar, Temporizador, Salida del sol, Puesta de sol, Regulable, Funci\u00f3n de micr\u00f3fono, Modo de bricolaje, Modo de escena, Ahorro de energ\u00eda&#8230; Ahorro de energ\u00eda y vida \u00fatil: bombilla inteligente de 15 W 1500 lm con base E26\/E27, equivalente a bombillas incandescentes tradicionales de 100 W. Ahorra hasta un 80% de energ\u00eda, dura m\u00e1s y ahorra energ\u00eda. Nota Si compra bombillas Zigbee, aseg\u00farese de tener una puerta de enlace Zigbee. \u00bfC\u00f3mo conectarse con la aplicaci\u00f3n de vida inteligente? 1. Descargue la aplicaci\u00f3n Smart Life, registre una cuenta e inicie sesi\u00f3n 2.Haga clic en &#8220;+&#8221; en la esquina superior derecha &#8211; Agregar manualmente &#8211; Iluminaci\u00f3n-Iluminaci\u00f3n (Wi-Fi). 3. Encienda el interruptor 3 veces: encendido-apagado-encendido-apagado hasta que parpadee r\u00e1pidamente 4.Haga clic en &#8220;confirmar que la luz parpadea r\u00e1pidamente&#8221; y luego ingrese la contrase\u00f1a WiFi correcta (WiFi de 2,4 Ghz) 5. Dentro de 30 segundos, se conectar\u00e1<\/p>\n","protected":false},"featured_media":12236,"comment_status":"open","ping_status":"closed","template":"","meta":{"spay_email":""},"product_cat":[109],"product_tag":[],"class_list":["post-12242","product","type-product","status-publish","has-post-thumbnail","hentry","product_cat-iluminacion"],"_links":{"self":[{"href":"https:\/\/espigatel.co\/tienda\/wp-json\/wp\/v2\/product\/12242","targetHints":{"allow":["GET"]}}],"collection":[{"href":"https:\/\/espigatel.co\/tienda\/wp-json\/wp\/v2\/product"}],"about":[{"href":"https:\/\/espigatel.co\/tienda\/wp-json\/wp\/v2\/types\/product"}],"replies":[{"embeddable":true,"href":"https:\/\/espigatel.co\/tienda\/wp-json\/wp\/v2\/comments?post=12242"}],"version-history":[{"count":1,"href":"https:\/\/espigatel.co\/tienda\/wp-json\/wp\/v2\/product\/12242\/revisions"}],"predecessor-version":[{"id":12245,"href":"https:\/\/espigatel.co\/tienda\/wp-json\/wp\/v2\/product\/12242\/revisions\/12245"}],"wp:featuredmedia":[{"embeddable":true,"href":"https:\/\/espigatel.co\/tienda\/wp-json\/wp\/v2\/media\/12236"}],"wp:attachment":[{"href":"https:\/\/espigatel.co\/tienda\/wp-json\/wp\/v2\/media?parent=12242"}],"wp:term":[{"taxonomy":"product_cat","embeddable":true,"href":"https:\/\/espigatel.co\/tienda\/wp-json\/wp\/v2\/product_cat?post=12242"},{"taxonomy":"product_tag","embeddable":true,"href":"https:\/\/espigatel.co\/tienda\/wp-json\/wp\/v2\/product_tag?post=12242"}],"curies":[{"name":"wp","href":"https:\/\/api.w.org\/{rel}","templated":true}]}}