{"id":12255,"date":"2022-05-25T18:35:04","date_gmt":"2022-05-25T23:35:04","guid":{"rendered":"https:\/\/espigatel.co\/tienda\/?post_type=product&#038;p=12255"},"modified":"2025-10-06T09:20:34","modified_gmt":"2025-10-06T14:20:34","slug":"candelabros-negros-sputnik-nordicos-modernos-lampara-led-iluminacion-para-el-hogar","status":"publish","type":"product","link":"https:\/\/espigatel.co\/tienda\/producto\/candelabros-negros-sputnik-nordicos-modernos-lampara-led-iluminacion-para-el-hogar\/","title":{"rendered":"Candelabros negros Sputnik n\u00f3rdicos modernos, l\u00e1mpara LED, iluminaci\u00f3n para el hogar"},"content":{"rendered":"","protected":false},"excerpt":{"rendered":"<p>Candelabros negros Sputnik n\u00f3rdicos modernos, l\u00e1mpara LED, iluminaci\u00f3n para el hogar, accesorios de interior, colgante de techo, bombillas no incluidas, novedad de 2021<\/p>\n","protected":false},"featured_media":12249,"comment_status":"open","ping_status":"closed","template":"","meta":{"spay_email":""},"product_cat":[109],"product_tag":[],"class_list":["post-12255","product","type-product","status-publish","has-post-thumbnail","hentry","product_cat-iluminacion"],"_links":{"self":[{"href":"https:\/\/espigatel.co\/tienda\/wp-json\/wp\/v2\/product\/12255","targetHints":{"allow":["GET"]}}],"collection":[{"href":"https:\/\/espigatel.co\/tienda\/wp-json\/wp\/v2\/product"}],"about":[{"href":"https:\/\/espigatel.co\/tienda\/wp-json\/wp\/v2\/types\/product"}],"replies":[{"embeddable":true,"href":"https:\/\/espigatel.co\/tienda\/wp-json\/wp\/v2\/comments?post=12255"}],"version-history":[{"count":1,"href":"https:\/\/espigatel.co\/tienda\/wp-json\/wp\/v2\/product\/12255\/revisions"}],"predecessor-version":[{"id":12258,"href":"https:\/\/espigatel.co\/tienda\/wp-json\/wp\/v2\/product\/12255\/revisions\/12258"}],"wp:featuredmedia":[{"embeddable":true,"href":"https:\/\/espigatel.co\/tienda\/wp-json\/wp\/v2\/media\/12249"}],"wp:attachment":[{"href":"https:\/\/espigatel.co\/tienda\/wp-json\/wp\/v2\/media?parent=12255"}],"wp:term":[{"taxonomy":"product_cat","embeddable":true,"href":"https:\/\/espigatel.co\/tienda\/wp-json\/wp\/v2\/product_cat?post=12255"},{"taxonomy":"product_tag","embeddable":true,"href":"https:\/\/espigatel.co\/tienda\/wp-json\/wp\/v2\/product_tag?post=12255"}],"curies":[{"name":"wp","href":"https:\/\/api.w.org\/{rel}","templated":true}]}}