{"id":19,"date":"2022-05-01T08:35:13","date_gmt":"2022-05-01T13:35:13","guid":{"rendered":"https:\/\/espigatel.co\/tienda\/producto\/hoodie-with-logo\/"},"modified":"2025-11-20T13:45:13","modified_gmt":"2025-11-20T18:45:13","slug":"hoodie-with-logo","status":"publish","type":"product","link":"https:\/\/espigatel.co\/tienda\/producto\/hoodie-with-logo\/","title":{"rendered":"C\u00e1mara Dahua Imou Domo WIFI 2MP Hasta 15Fps"},"content":{"rendered":"<p>Detecci\u00f3n humana. La poderosa tecnolog\u00eda de procesamiento de la IPC-C22EN-IMOU identifica r\u00e1pidamente figuras humanas en su rango de visi\u00f3n e inmediatamente env\u00eda una notificaci\u00f3n al celular del usuario, manteni\u00e9ndolo informado de movimientos sospechosos clave sin saturarlo con falsas alarmas. Detecci\u00f3n de sonidos anormales. Env\u00eda alertas instant\u00e1neas al smartphone del usuario cada vez que detecta sonidos anormales como el llanto de un beb\u00e9, para mantenerlo informado de lo que pasa en su hogar desde cualquier lugar. Incluye alarma interna para ahuyentar a los extra\u00f1os. Protecci\u00f3n las 24 horas del d\u00eda. El modo de visi\u00f3n nocturna se activa autom\u00e1ticamente, para obtener una imagen n\u00edtida incluso en la mitad de la noche.<\/p>\n<ul class=\"font-size-14 pl-3 ml-1 text-gray-110\">\n<li>MARCA: DAHUA<\/li>\n<\/ul>\n","protected":false},"excerpt":{"rendered":"<p>Detecci\u00f3n humana. La poderosa tecnolog\u00eda de procesamiento de la IPC-C22EN-IMOU identifica r\u00e1pidamente figuras humanas en su rango de visi\u00f3n e&hellip;<\/p>\n","protected":false},"featured_media":12200,"comment_status":"open","ping_status":"closed","template":"","meta":{"spay_email":""},"product_cat":[105],"product_tag":[106],"class_list":["post-19","product","type-product","status-publish","has-post-thumbnail","hentry","product_cat-camaras-de-vigilancia","product_tag-camara"],"_links":{"self":[{"href":"https:\/\/espigatel.co\/tienda\/wp-json\/wp\/v2\/product\/19","targetHints":{"allow":["GET"]}}],"collection":[{"href":"https:\/\/espigatel.co\/tienda\/wp-json\/wp\/v2\/product"}],"about":[{"href":"https:\/\/espigatel.co\/tienda\/wp-json\/wp\/v2\/types\/product"}],"replies":[{"embeddable":true,"href":"https:\/\/espigatel.co\/tienda\/wp-json\/wp\/v2\/comments?post=19"}],"version-history":[{"count":4,"href":"https:\/\/espigatel.co\/tienda\/wp-json\/wp\/v2\/product\/19\/revisions"}],"predecessor-version":[{"id":12206,"href":"https:\/\/espigatel.co\/tienda\/wp-json\/wp\/v2\/product\/19\/revisions\/12206"}],"wp:featuredmedia":[{"embeddable":true,"href":"https:\/\/espigatel.co\/tienda\/wp-json\/wp\/v2\/media\/12200"}],"wp:attachment":[{"href":"https:\/\/espigatel.co\/tienda\/wp-json\/wp\/v2\/media?parent=19"}],"wp:term":[{"taxonomy":"product_cat","embeddable":true,"href":"https:\/\/espigatel.co\/tienda\/wp-json\/wp\/v2\/product_cat?post=19"},{"taxonomy":"product_tag","embeddable":true,"href":"https:\/\/espigatel.co\/tienda\/wp-json\/wp\/v2\/product_tag?post=19"}],"curies":[{"name":"wp","href":"https:\/\/api.w.org\/{rel}","templated":true}]}}